{"id":29,"date":"2012-02-21T20:17:48","date_gmt":"2012-02-21T19:17:48","guid":{"rendered":"http:\/\/www.makerslide-machines.xyz\/?page_id=2"},"modified":"2022-08-27T17:46:55","modified_gmt":"2022-08-27T15:46:55","slug":"accueil","status":"publish","type":"page","link":"http:\/\/www.makerslide-machines.xyz\/new\/","title":{"rendered":"Accueil"},"content":{"rendered":"<p>[et_pb_section fb_built=\u00a0\u00bb1&Prime; admin_label=\u00a0\u00bbsection\u00a0\u00bb _builder_version=\u00a0\u00bb4.16&Prime; custom_padding=\u00a0\u00bb8px|0px|0px|0px\u00a0\u00bb global_colors_info=\u00a0\u00bb{}\u00a0\u00bb][et_pb_row column_structure=\u00a0\u00bb1_4,1_4,1_4,1_4&Prime; make_equal=\u00a0\u00bbon\u00a0\u00bb admin_label=\u00a0\u00bbrow\u00a0\u00bb _builder_version=\u00a0\u00bb4.16&Prime; custom_padding=\u00a0\u00bb0px|0px|19px|0px||\u00a0\u00bb global_colors_info=\u00a0\u00bb{}\u00a0\u00bb][et_pb_column type=\u00a0\u00bb1_4&Prime; _builder_version=\u00a0\u00bb4.16&Prime; background_position=\u00a0\u00bbtop_left\u00a0\u00bb custom_padding=\u00a0\u00bb|||\u00a0\u00bb global_colors_info=\u00a0\u00bb{}\u00a0\u00bb custom_padding__hover=\u00a0\u00bb|||\u00a0\u00bb][et_pb_image src=\u00a0\u00bbhttp:\/\/www.makerslide-machines.xyz\/new\/wp-content\/uploads\/2022\/08\/icon1-machines-267&#215;300-1.jpg\u00a0\u00bb title_text=\u00a0\u00bbicon1-machines-267&#215;300&Prime; _builder_version=\u00a0\u00bb4.18.0&Prime; _module_preset=\u00a0\u00bbdefault\u00a0\u00bb width=\u00a0\u00bb50%\u00a0\u00bb global_colors_info=\u00a0\u00bb{}\u00a0\u00bb][\/et_pb_image][et_pb_text _builder_version=\u00a0\u00bb4.18.0&Prime; custom_margin=\u00a0\u00bb-21px|||||\u00a0\u00bb use_border_color=\u00a0\u00bboff\u00a0\u00bb global_colors_info=\u00a0\u00bb{}\u00a0\u00bb]<\/p>\n<div class=\"et_pb_text et_pb_module et_pb_bg_layout_light et_pb_text_align_left et_pb_text_1\">\n<div class=\"et_pb_text_inner\">\n<ul>\n<li><a href=\"http:\/\/www.makerslide-machines.xyz\/new\/2018\/03\/14\/les-axes-dune-fraiseuse-cnc\/\"><span style=\"text-decoration: underline;\"><span style=\"color: #0000ff; text-decoration: underline;\">Les axes<\/span><\/span><\/a><\/li>\n<li>Structures d\u2019une CNC<\/li>\n<li><a href=\"http:\/\/www.makerslide-machines.xyz\/new\/2018\/03\/14\/les-systemes-de-guidage\/\"><span style=\"text-decoration: underline;\"><span style=\"color: #0000ff; text-decoration: underline;\">Les guidages<\/span><\/span><\/a><\/li>\n<li><a href=\"http:\/\/www.makerslide-machines.xyz\/new\/2022\/08\/21\/les-systemes-dentrainement\/\"><span style=\"text-decoration: underline; color: #0000ff;\">Les syst\u00e8mes d\u2019entrainement<\/span><\/a><\/li>\n<li><a href=\"http:\/\/www.makerslide-machines.xyz\/new\/2022\/08\/21\/la-motorisation\/\"><span style=\"text-decoration: underline;\"><span style=\"color: #0000ff; text-decoration: underline;\">Les motorisations<\/span><\/span><\/a><\/li>\n<li><a href=\"http:\/\/www.makerslide-machines.xyz\/new\/2018\/05\/18\/les-options-et-accessoires\/\"><span style=\"text-decoration: underline; color: #0000ff;\">Options et accessoires<\/span><\/a><\/li>\n<\/ul>\n<\/div>\n<\/div>\n<p>[\/et_pb_text][\/et_pb_column][et_pb_column type=\u00a0\u00bb1_4&Prime; _builder_version=\u00a0\u00bb4.16&Prime; background_position=\u00a0\u00bbtop_left\u00a0\u00bb custom_padding=\u00a0\u00bb|||\u00a0\u00bb global_colors_info=\u00a0\u00bb{}\u00a0\u00bb custom_padding__hover=\u00a0\u00bb|||\u00a0\u00bb][et_pb_image src=\u00a0\u00bbhttp:\/\/www.makerslide-machines.xyz\/new\/wp-content\/uploads\/2022\/08\/icon2-logiciels-267&#215;300-1.jpg\u00a0\u00bb title_text=\u00a0\u00bbicon2-logiciels-267&#215;300&Prime; _builder_version=\u00a0\u00bb4.18.0&Prime; _module_preset=\u00a0\u00bbdefault\u00a0\u00bb width=\u00a0\u00bb50%\u00a0\u00bb global_colors_info=\u00a0\u00bb{}\u00a0\u00bb][\/et_pb_image][et_pb_text _builder_version=\u00a0\u00bb4.16&Prime; custom_margin=\u00a0\u00bb-30px|||||\u00a0\u00bb use_border_color=\u00a0\u00bboff\u00a0\u00bb border_color=\u00a0\u00bb#ffffff\u00a0\u00bb border_style=\u00a0\u00bbsolid\u00a0\u00bb global_colors_info=\u00a0\u00bb{}\u00a0\u00bb]<\/p>\n<ul>\n<li style=\"text-align: left;\"><span style=\"color: #0000ff;\"><a style=\"color: #0000ff;\" href=\"http:\/\/www.makerslide-machines.xyz\/fr\/2016\/08\/17\/quels-logiciels-pour-passer-du-pixel-au-reel\/\"><span style=\"text-decoration: underline;\">La chaine logiciel<\/span><\/a><\/span><\/li>\n<li style=\"text-align: left;\"><span style=\"color: #0000ff;\"><a style=\"color: #0000ff;\" href=\"http:\/\/www.makerslide-machines.xyz\/fr\/2018\/03\/14\/fr-les-logiciels-de-modelisation\/\"><span style=\"text-decoration: underline;\">Mod\u00e9lisation<\/span><\/a><\/span><\/li>\n<li style=\"text-align: left;\"><span style=\"text-decoration: underline;\"><span style=\"color: #0000ff;\"><a href=\"http:\/\/www.makerslide-machines.xyz\/fr\/2018\/03\/20\/fr-preparation-du-gcode\/\"><span style=\"color: #0000ff;\">Pr\u00e9paration du Gcode<\/span><\/a><\/span><\/span><\/li>\n<li style=\"text-align: left;\"><a href=\"http:\/\/www.makerslide-machines.xyz\/fr\/category\/sujets\/les-logiciels\/pilotage-machine\/\"><span style=\"text-decoration: underline;\"><span style=\"color: #0000ff; text-decoration: underline;\">Pilotage de la machine<\/span><\/span><\/a><\/li>\n<li><a href=\"http:\/\/www.makerslide-machines.xyz\/fr\/2018\/03\/18\/fr-parametrages-de-lusinage\/\"><span style=\"text-decoration: underline; color: #0000ff;\">Param\u00e9trages d&rsquo;usinage<\/span><\/a><\/li>\n<\/ul>\n<p>[\/et_pb_text][\/et_pb_column][et_pb_column type=\u00a0\u00bb1_4&Prime; _builder_version=\u00a0\u00bb4.16&Prime; background_position=\u00a0\u00bbtop_left\u00a0\u00bb custom_padding=\u00a0\u00bb|||\u00a0\u00bb global_colors_info=\u00a0\u00bb{}\u00a0\u00bb custom_padding__hover=\u00a0\u00bb|||\u00a0\u00bb][et_pb_image src=\u00a0\u00bbhttp:\/\/www.makerslide-machines.xyz\/new\/wp-content\/uploads\/2022\/08\/icon3-electronic-267&#215;300-1.jpg\u00a0\u00bb title_text=\u00a0\u00bbicon3-electronic-267&#215;300&Prime; _builder_version=\u00a0\u00bb4.18.0&Prime; _module_preset=\u00a0\u00bbdefault\u00a0\u00bb width=\u00a0\u00bb50%\u00a0\u00bb global_colors_info=\u00a0\u00bb{}\u00a0\u00bb][\/et_pb_image][et_pb_text _builder_version=\u00a0\u00bb4.18.0&Prime; custom_margin=\u00a0\u00bb-30px|||||\u00a0\u00bb hover_enabled=\u00a0\u00bb0&Prime; use_border_color=\u00a0\u00bboff\u00a0\u00bb border_color=\u00a0\u00bb#ffffff\u00a0\u00bb border_style=\u00a0\u00bbsolid\u00a0\u00bb global_colors_info=\u00a0\u00bb{}\u00a0\u00bb sticky_enabled=\u00a0\u00bb0&Prime;]<\/p>\n<ul>\n<li><a href=\"http:\/\/www.makerslide-machines.xyz\/new\/electronique\/\"><span style=\"text-decoration: underline;\"><span style=\"color: #0000ff; text-decoration: underline;\">Electronique de commande<\/span><\/span><\/a><\/li>\n<li><span style=\"text-decoration: underline;\"><span style=\"color: #0000ff;\"><a style=\"color: #0000ff; text-decoration: underline;\" href=\"http:\/\/www.makerslide-machines.xyz\/new\/lelectronique-de-puissance\/\">Electronique de puissance<\/a><\/span><\/span><\/li>\n<li><a href=\"http:\/\/www.makerslide-machines.xyz\/new\/firmware\/\"><span style=\"text-decoration: underline;\"><span style=\"color: #0000ff; text-decoration: underline;\">Les micrologiciels (firmware)<\/span><\/span><\/a><\/li>\n<li><span style=\"text-decoration: underline;\"><span style=\"color: #0000ff;\"><a style=\"color: #0000ff; text-decoration: underline;\" href=\"http:\/\/www.makerslide-machines.xyz\/new\/protocoles-communication\/\">Les protocoles de communication<\/a><\/span><\/span><\/li>\n<\/ul>\n<p>[\/et_pb_text][\/et_pb_column][et_pb_column type=\u00a0\u00bb1_4&Prime; _builder_version=\u00a0\u00bb4.16&Prime; background_position=\u00a0\u00bbtop_left\u00a0\u00bb custom_padding=\u00a0\u00bb|||\u00a0\u00bb global_colors_info=\u00a0\u00bb{}\u00a0\u00bb custom_padding__hover=\u00a0\u00bb|||\u00a0\u00bb][et_pb_search exclude_pages=\u00a0\u00bboff\u00a0\u00bb _builder_version=\u00a0\u00bb4.16&Prime; text_orientation=\u00a0\u00bbcenter\u00a0\u00bb custom_margin=\u00a0\u00bb||12px|||\u00a0\u00bb global_colors_info=\u00a0\u00bb{}\u00a0\u00bb button_text_size__hover_enabled=\u00a0\u00bboff\u00a0\u00bb button_one_text_size__hover_enabled=\u00a0\u00bboff\u00a0\u00bb button_two_text_size__hover_enabled=\u00a0\u00bboff\u00a0\u00bb button_text_color__hover_enabled=\u00a0\u00bboff\u00a0\u00bb button_one_text_color__hover_enabled=\u00a0\u00bboff\u00a0\u00bb button_two_text_color__hover_enabled=\u00a0\u00bboff\u00a0\u00bb button_border_width__hover_enabled=\u00a0\u00bboff\u00a0\u00bb button_one_border_width__hover_enabled=\u00a0\u00bboff\u00a0\u00bb button_two_border_width__hover_enabled=\u00a0\u00bboff\u00a0\u00bb button_border_color__hover_enabled=\u00a0\u00bboff\u00a0\u00bb button_one_border_color__hover_enabled=\u00a0\u00bboff\u00a0\u00bb button_two_border_color__hover_enabled=\u00a0\u00bboff\u00a0\u00bb button_border_radius__hover_enabled=\u00a0\u00bboff\u00a0\u00bb button_one_border_radius__hover_enabled=\u00a0\u00bboff\u00a0\u00bb button_two_border_radius__hover_enabled=\u00a0\u00bboff\u00a0\u00bb button_letter_spacing__hover_enabled=\u00a0\u00bboff\u00a0\u00bb button_one_letter_spacing__hover_enabled=\u00a0\u00bboff\u00a0\u00bb button_two_letter_spacing__hover_enabled=\u00a0\u00bboff\u00a0\u00bb button_bg_color__hover_enabled=\u00a0\u00bboff\u00a0\u00bb button_one_bg_color__hover_enabled=\u00a0\u00bboff\u00a0\u00bb button_two_bg_color__hover_enabled=\u00a0\u00bboff\u00a0\u00bb][\/et_pb_search][et_pb_image src=\u00a0\u00bbhttp:\/\/www.makerslide-machines.xyz\/new\/wp-content\/uploads\/2022\/08\/icon7-questions-frequentest-267&#215;300-1.jpg\u00a0\u00bb title_text=\u00a0\u00bbicon7-questions-frequentest-267&#215;300&Prime; _builder_version=\u00a0\u00bb4.18.0&Prime; _module_preset=\u00a0\u00bbdefault\u00a0\u00bb width=\u00a0\u00bb50%\u00a0\u00bb custom_margin=\u00a0\u00bb||8px|||\u00a0\u00bb global_colors_info=\u00a0\u00bb{}\u00a0\u00bb][\/et_pb_image][et_pb_image src=\u00a0\u00bbhttp:\/\/www.makerslide-machines.xyz\/new\/wp-content\/uploads\/2022\/08\/logo-archives.jpg\u00a0\u00bb title_text=\u00a0\u00bblogo-archives\u00a0\u00bb url=\u00a0\u00bbhttp:\/\/www.makerslide-machines.xyz\/old\/\u00a0\u00bb _builder_version=\u00a0\u00bb4.18.0&Prime; _module_preset=\u00a0\u00bbdefault\u00a0\u00bb max_width=\u00a0\u00bb47%\u00a0\u00bb custom_margin=\u00a0\u00bb||13px|||\u00a0\u00bb global_colors_info=\u00a0\u00bb{}\u00a0\u00bb][\/et_pb_image][\/et_pb_column][\/et_pb_row][et_pb_row column_structure=\u00a0\u00bb1_4,1_4,1_4,1_4&Prime; admin_label=\u00a0\u00bbrow\u00a0\u00bb _builder_version=\u00a0\u00bb4.16&Prime; custom_margin=\u00a0\u00bb-22px|auto||auto||\u00a0\u00bb custom_padding=\u00a0\u00bb0px|0px|26.9667px|0px\u00a0\u00bb global_colors_info=\u00a0\u00bb{}\u00a0\u00bb][et_pb_column type=\u00a0\u00bb1_4&Prime; _builder_version=\u00a0\u00bb4.16&Prime; background_position=\u00a0\u00bbtop_left\u00a0\u00bb custom_padding=\u00a0\u00bb|||\u00a0\u00bb global_colors_info=\u00a0\u00bb{}\u00a0\u00bb custom_padding__hover=\u00a0\u00bb|||\u00a0\u00bb][et_pb_image src=\u00a0\u00bbhttp:\/\/www.makerslide-machines.xyz\/new\/wp-content\/uploads\/2022\/08\/icon4-reglages-267&#215;300-1.jpg\u00a0\u00bb title_text=\u00a0\u00bbicon4-reglages-267&#215;300&Prime; _builder_version=\u00a0\u00bb4.18.0&Prime; _module_preset=\u00a0\u00bbdefault\u00a0\u00bb width=\u00a0\u00bb50%\u00a0\u00bb global_colors_info=\u00a0\u00bb{}\u00a0\u00bb][\/et_pb_image][et_pb_text _builder_version=\u00a0\u00bb4.16&Prime; custom_margin=\u00a0\u00bb-20px|||||\u00a0\u00bb use_border_color=\u00a0\u00bboff\u00a0\u00bb border_color=\u00a0\u00bb#ffffff\u00a0\u00bb border_style=\u00a0\u00bbsolid\u00a0\u00bb global_colors_info=\u00a0\u00bb{}\u00a0\u00bb]<\/p>\n<ul>\n<li>Les d\u00e9placements<\/li>\n<li>Amp\u00e9rage puissance<\/li>\n<li>Les fin de course<\/li>\n<li><a href=\"http:\/\/www.makerslide-machines.xyz\/fr\/category\/sujets\/les-logiciels\/parametrages-dusinage\/vitesse-acceleration\/\"><span style=\"color: #0000ff;\">Vitesses acc\u00e9l\u00e9rations<\/span><\/a><\/li>\n<li>G\u00e9om\u00e9trie machine<\/li>\n<\/ul>\n<p>[\/et_pb_text][\/et_pb_column][et_pb_column type=\u00a0\u00bb1_4&Prime; _builder_version=\u00a0\u00bb4.16&Prime; background_position=\u00a0\u00bbtop_left\u00a0\u00bb custom_padding=\u00a0\u00bb|||\u00a0\u00bb global_colors_info=\u00a0\u00bb{}\u00a0\u00bb custom_padding__hover=\u00a0\u00bb|||\u00a0\u00bb][et_pb_image src=\u00a0\u00bbhttp:\/\/www.makerslide-machines.xyz\/new\/wp-content\/uploads\/2022\/08\/icon8-outils-267&#215;300-1.jpg\u00a0\u00bb title_text=\u00a0\u00bbicon8-outils-267&#215;300&Prime; _builder_version=\u00a0\u00bb4.18.0&Prime; _module_preset=\u00a0\u00bbdefault\u00a0\u00bb width=\u00a0\u00bb50%\u00a0\u00bb global_colors_info=\u00a0\u00bb{}\u00a0\u00bb][\/et_pb_image][et_pb_text _builder_version=\u00a0\u00bb4.16&Prime; custom_margin=\u00a0\u00bb-18px|||||\u00a0\u00bb custom_padding=\u00a0\u00bb0px|||||\u00a0\u00bb use_border_color=\u00a0\u00bboff\u00a0\u00bb border_color=\u00a0\u00bb#ffffff\u00a0\u00bb border_style=\u00a0\u00bbsolid\u00a0\u00bb global_colors_info=\u00a0\u00bb{}\u00a0\u00bb]<\/p>\n<div class=\"et_pb_text et_pb_module et_pb_bg_layout_light et_pb_text_align_left et_pb_text_9\">\n<div class=\"et_pb_text_inner\">\n<ul>\n<li><span style=\"text-decoration: underline; color: #0000ff;\"><a style=\"color: #0000ff; text-decoration: underline;\" href=\"http:\/\/www.makerslide-machines.xyz\/fr\/2018\/02\/23\/fr-choix-de-loutil-selon-la-forme-a-usiner\/\">Choix de l\u2019outil selon la forme \u00e0 usiner<\/a><\/span><\/li>\n<li><span style=\"color: #0000ff;\"><a style=\"color: #0000ff;\" href=\"http:\/\/www.makerslide-machines.xyz\/fr\/2018\/02\/23\/fr-choix-de-loutil-selon-la-matiere-a-usiner\/\"><span style=\"text-decoration: underline;\">Selon la mati\u00e8re \u00e0 usiner<\/span><\/a><\/span><\/li>\n<li><span style=\"text-decoration: underline; color: #0000ff;\"><a style=\"color: #0000ff; text-decoration: underline;\" href=\"http:\/\/www.makerslide-machines.xyz\/fr\/2018\/02\/24\/fr-les-strategies-dusinage\/\">Les strat\u00e9gies d\u2019usinage<\/a><\/span><\/li>\n<li><span style=\"color: #0000ff;\"><a style=\"color: #0000ff;\" href=\"http:\/\/www.makerslide-machines.xyz\/fr\/2018\/02\/24\/fr-les-parametres-de-coupe\/\"><span style=\"text-decoration: underline;\">Les param\u00e8tres de coupe<\/span><\/a><\/span><\/li>\n<li><a href=\"http:\/\/www.makerslide-machines.xyz\/fr\/2018\/05\/17\/fr-le-bridage\/\"><span style=\"text-decoration: underline; color: #0000ff;\">Le bridage<\/span><\/a><\/li>\n<\/ul>\n<\/div>\n<\/div>\n<p>[\/et_pb_text][\/et_pb_column][et_pb_column type=\u00a0\u00bb1_4&Prime; _builder_version=\u00a0\u00bb4.16&Prime; background_position=\u00a0\u00bbtop_left\u00a0\u00bb custom_padding=\u00a0\u00bb|||\u00a0\u00bb global_colors_info=\u00a0\u00bb{}\u00a0\u00bb custom_padding__hover=\u00a0\u00bb|||\u00a0\u00bb][et_pb_image src=\u00a0\u00bbhttp:\/\/www.makerslide-machines.xyz\/new\/wp-content\/uploads\/2022\/08\/icon6-autre-sujet-267&#215;300-1.jpg\u00a0\u00bb title_text=\u00a0\u00bbicon6-autre-sujet-267&#215;300&Prime; _builder_version=\u00a0\u00bb4.18.0&Prime; _module_preset=\u00a0\u00bbdefault\u00a0\u00bb width=\u00a0\u00bb50%\u00a0\u00bb global_colors_info=\u00a0\u00bb{}\u00a0\u00bb][\/et_pb_image][et_pb_text _builder_version=\u00a0\u00bb4.18.0&Prime; custom_margin=\u00a0\u00bb-18px|||||\u00a0\u00bb use_border_color=\u00a0\u00bboff\u00a0\u00bb border_color=\u00a0\u00bb#ffffff\u00a0\u00bb border_style=\u00a0\u00bbsolid\u00a0\u00bb global_colors_info=\u00a0\u00bb{}\u00a0\u00bb]<\/p>\n<ul>\n<li><span style=\"text-decoration: underline;\"><span style=\"color: #0000ff; text-decoration: underline;\"><a style=\"color: #0000ff; text-decoration: underline;\" href=\"http:\/\/www.makerslide-machines.xyz\/fr\/category\/sujets\/autres-sujets\/electronique-numerique-autres-sujets\/\">Electronique num\u00e9rique<\/a><\/span><\/span><\/li>\n<li><a href=\"http:\/\/www.makerslide-machines.xyz\/fr\/category\/sujets\/autres-sujets\/circuits-imprime\/\"><span style=\"text-decoration: underline; color: #0000ff;\">Conception de circuits imprim\u00e9s<\/span><\/a><\/li>\n<li><a href=\"http:\/\/www.makerslide-machines.xyz\/fr\/category\/sujets\/autres-sujets\/robotique\/\"><span style=\"text-decoration: underline; color: #0000ff;\">Robotique<\/span><\/a><\/li>\n<li><a href=\"http:\/\/www.makerslide-machines.xyz\/fr\/category\/sujets\/autres-sujets\/internet-des-objets\/\"><span style=\"text-decoration: underline;\"><span style=\"color: #0000ff; text-decoration: underline;\">Internet des objets<\/span><\/span><\/a><\/li>\n<li><span style=\"color: #0000ff;\"><a style=\"color: #0000ff;\" href=\"http:\/\/www.makerslide-machines.xyz\/fr\/2018\/04\/04\/impression-3d-sommaire\/\"><span style=\"text-decoration: underline;\">Impression 3D<\/span><\/a><\/span><\/li>\n<\/ul>\n<p>[\/et_pb_text][\/et_pb_column][et_pb_column type=\u00a0\u00bb1_4&Prime; _builder_version=\u00a0\u00bb4.16&Prime; background_position=\u00a0\u00bbtop_left\u00a0\u00bb custom_padding=\u00a0\u00bb|||\u00a0\u00bb global_colors_info=\u00a0\u00bb{}\u00a0\u00bb custom_padding__hover=\u00a0\u00bb|||\u00a0\u00bb][et_pb_image src=\u00a0\u00bbhttp:\/\/www.makerslide-machines.xyz\/new\/wp-content\/uploads\/2022\/08\/icon5-tutoriels-267&#215;300-1.jpg\u00a0\u00bb title_text=\u00a0\u00bbicon5-tutoriels-267&#215;300&Prime; _builder_version=\u00a0\u00bb4.18.0&Prime; _module_preset=\u00a0\u00bbdefault\u00a0\u00bb width=\u00a0\u00bb50%\u00a0\u00bb global_colors_info=\u00a0\u00bb{}\u00a0\u00bb][\/et_pb_image][et_pb_text _builder_version=\u00a0\u00bb4.16&Prime; custom_margin=\u00a0\u00bb-18px|||||\u00a0\u00bb use_border_color=\u00a0\u00bboff\u00a0\u00bb global_colors_info=\u00a0\u00bb{}\u00a0\u00bb]<\/p>\n<ul>\n<li><span style=\"text-decoration: underline;\"><span style=\"color: #0000ff;\"><a style=\"color: #0000ff; text-decoration: underline;\" href=\"http:\/\/www.makerslide-machines.xyz\/fr\/tutorials\/fr-montage-kit-mecanique\/\">Montage kit machines<\/a><\/span><\/span><\/li>\n<li>Utilisation machines<\/li>\n<li><span style=\"color: #0000ff;\"><a style=\"color: #0000ff;\" href=\"http:\/\/www.makerslide-machines.xyz\/fr\/category\/tutoriels\/realisations-2d\/\"><span style=\"text-decoration: underline;\">R\u00e9alisations 2D<\/span><\/a><\/span><\/li>\n<li><span style=\"text-decoration: underline;\"><span style=\"color: #0000ff;\"><a style=\"color: #0000ff; text-decoration: underline;\" href=\"http:\/\/www.makerslide-machines.xyz\/fr\/category\/tutoriels\/realisations-3d\/\">R\u00e9alisations 3D<\/a><\/span><\/span><\/li>\n<li>Pi\u00e8ces de tournage<\/li>\n<\/ul>\n<p>&nbsp;[\/et_pb_text][\/et_pb_column][\/et_pb_row][\/et_pb_section]<\/p>\n","protected":false},"excerpt":{"rendered":"<p>Les axes Structures d\u2019une CNC Les guidages Les syst\u00e8mes d\u2019entrainement Les motorisations Options et accessoires La chaine logiciel Mod\u00e9lisation Pr\u00e9paration du Gcode Pilotage de la machine Param\u00e9trages d&rsquo;usinage Electronique de commande Electronique de puissance Les micrologiciels (firmware) Les protocoles de communication Les d\u00e9placements Amp\u00e9rage puissance Les fin de course Vitesses acc\u00e9l\u00e9rations G\u00e9om\u00e9trie machine Choix de [&hellip;]<\/p>\n","protected":false},"author":1,"featured_media":0,"parent":0,"menu_order":0,"comment_status":"closed","ping_status":"closed","template":"","meta":{"_et_pb_use_builder":"on","_et_pb_old_content":"","_et_gb_content_width":"","footnotes":""},"class_list":["post-29","page","type-page","status-publish","hentry"],"_links":{"self":[{"href":"http:\/\/www.makerslide-machines.xyz\/new\/wp-json\/wp\/v2\/pages\/29","targetHints":{"allow":["GET"]}}],"collection":[{"href":"http:\/\/www.makerslide-machines.xyz\/new\/wp-json\/wp\/v2\/pages"}],"about":[{"href":"http:\/\/www.makerslide-machines.xyz\/new\/wp-json\/wp\/v2\/types\/page"}],"author":[{"embeddable":true,"href":"http:\/\/www.makerslide-machines.xyz\/new\/wp-json\/wp\/v2\/users\/1"}],"replies":[{"embeddable":true,"href":"http:\/\/www.makerslide-machines.xyz\/new\/wp-json\/wp\/v2\/comments?post=29"}],"version-history":[{"count":12,"href":"http:\/\/www.makerslide-machines.xyz\/new\/wp-json\/wp\/v2\/pages\/29\/revisions"}],"predecessor-version":[{"id":35045,"href":"http:\/\/www.makerslide-machines.xyz\/new\/wp-json\/wp\/v2\/pages\/29\/revisions\/35045"}],"wp:attachment":[{"href":"http:\/\/www.makerslide-machines.xyz\/new\/wp-json\/wp\/v2\/media?parent=29"}],"curies":[{"name":"wp","href":"https:\/\/api.w.org\/{rel}","templated":true}]}}